{"id":67,"date":"2025-04-03T09:27:41","date_gmt":"2025-04-03T07:27:41","guid":{"rendered":"http:\/\/tesolclim.com\/?page_id=67"},"modified":"2025-04-03T09:27:50","modified_gmt":"2025-04-03T07:27:50","slug":"renovables","status":"publish","type":"page","link":"https:\/\/tesolclim.com\/?page_id=67","title":{"rendered":"Renovables"},"content":{"rendered":"\n<p style=\"margin-top:var(--wp--preset--spacing--50);margin-right:var(--wp--preset--spacing--40);margin-bottom:var(--wp--preset--spacing--50);margin-left:var(--wp--preset--spacing--40)\"><strong>\u00a1Ahorra energ\u00eda y cuida del planeta con nuestras soluciones de energ\u00edas renovables!<\/strong>&nbsp;En&nbsp;<strong>Tesolclim<\/strong>, ofrecemos servicios innovadores y personalizados para que tu hogar o negocio aproveche al m\u00e1ximo las fuentes de energ\u00eda limpia.<\/p>\n\n\n\n<h3 class=\"wp-block-heading\" style=\"margin-top:var(--wp--preset--spacing--50);margin-right:var(--wp--preset--spacing--40);margin-bottom:var(--wp--preset--spacing--50);margin-left:var(--wp--preset--spacing--40)\"><strong>\u00bfQu\u00e9 hacemos?<\/strong><\/h3>\n\n\n\n<figure class=\"wp-block-image\"><img decoding=\"async\" src=\"http:\/\/localhost:8080\/wp-content\/uploads\/2025\/03\/zbynek-burival-V4ZYJZJ3W4M-unsplash-1024x678.jpg\" alt=\"\" class=\"wp-image-477\"\/><\/figure>\n\n\n\n<p style=\"margin-top:var(--wp--preset--spacing--50);margin-right:var(--wp--preset--spacing--40);margin-bottom:var(--wp--preset--spacing--50);margin-left:var(--wp--preset--spacing--40)\"><strong>\ud83c\udf1f Instalaci\u00f3n de sistemas fotovoltaicos:<\/strong>&nbsp;Dise\u00f1amos e instalamos sistemas de paneles solares adaptados a tus necesidades. Convi\u00e9rtete en generador de tu propia energ\u00eda limpia y reduce tus facturas de electricidad.<br><strong>\ud83c\udf1f Energ\u00eda solar t\u00e9rmica:<\/strong>&nbsp;Implementamos sistemas para calentar agua mediante energ\u00eda solar, ideal para reducir el consumo energ\u00e9tico en hogares, piscinas y procesos industriales.<br><strong>\ud83c\udf1f Aerogeneradores:<\/strong>&nbsp;Si buscas aprovechar la fuerza del viento, instalamos aerogeneradores eficientes para generar electricidad de forma sostenible.<br><strong>\ud83c\udf1f Soluciones de biomasa:<\/strong>&nbsp;Instalamos sistemas de calefacci\u00f3n y generaci\u00f3n de energ\u00eda mediante biomasa, una opci\u00f3n ecol\u00f3gica que utiliza residuos org\u00e1nicos para producir calor y electricidad.<br><strong>\ud83c\udf1f Estudios de eficiencia energ\u00e9tica:<\/strong>&nbsp;Evaluamos tus consumos actuales y te ofrecemos soluciones renovables para optimizar el uso de la energ\u00eda en tu hogar o negocio.<\/p>\n","protected":false},"excerpt":{"rendered":"<p>\u00a1Ahorra energ\u00eda y cuida del planeta con nuestras soluciones de energ\u00edas renovables!&nbsp;En&nbsp;Tesolclim, ofrecemos servicios innovadores y personalizados para que tu hogar o negocio aproveche al m\u00e1ximo las fuentes de energ\u00eda limpia. \u00bfQu\u00e9 hacemos? \ud83c\udf1f Instalaci\u00f3n de sistemas fotovoltaicos:&nbsp;Dise\u00f1amos e instalamos sistemas de paneles solares adaptados a tus necesidades. Convi\u00e9rtete en generador de tu propia energ\u00eda [&hellip;]<\/p>\n","protected":false},"author":1,"featured_media":0,"parent":0,"menu_order":0,"comment_status":"closed","ping_status":"closed","template":"","meta":{"footnotes":""},"class_list":["post-67","page","type-page","status-publish","hentry"],"yoast_head":"<!-- This site is optimized with the Yoast SEO plugin v27.5 - https:\/\/yoast.com\/product\/yoast-seo-wordpress\/ -->\n<title>Renovables - Tesolclim<\/title>\n<meta name=\"robots\" content=\"index, follow, max-snippet:-1, max-image-preview:large, max-video-preview:-1\" \/>\n<link rel=\"canonical\" href=\"https:\/\/tesolclim.com\/?page_id=67\" \/>\n<meta property=\"og:locale\" content=\"es_ES\" \/>\n<meta property=\"og:type\" content=\"article\" \/>\n<meta property=\"og:title\" content=\"Renovables - Tesolclim\" \/>\n<meta property=\"og:description\" content=\"\u00a1Ahorra energ\u00eda y cuida del planeta con nuestras soluciones de energ\u00edas renovables!&nbsp;En&nbsp;Tesolclim, ofrecemos servicios innovadores y personalizados para que tu hogar o negocio aproveche al m\u00e1ximo las fuentes de energ\u00eda limpia. \u00bfQu\u00e9 hacemos? \ud83c\udf1f Instalaci\u00f3n de sistemas fotovoltaicos:&nbsp;Dise\u00f1amos e instalamos sistemas de paneles solares adaptados a tus necesidades. Convi\u00e9rtete en generador de tu propia energ\u00eda [&hellip;]\" \/>\n<meta property=\"og:url\" content=\"https:\/\/tesolclim.com\/?page_id=67\" \/>\n<meta property=\"og:site_name\" content=\"Tesolclim\" \/>\n<meta property=\"article:modified_time\" content=\"2025-04-03T07:27:50+00:00\" \/>\n<meta property=\"og:image\" content=\"http:\/\/localhost:8080\/wp-content\/uploads\/2025\/03\/zbynek-burival-V4ZYJZJ3W4M-unsplash-1024x678.jpg\" \/>\n<meta name=\"twitter:card\" content=\"summary_large_image\" \/>\n<meta name=\"twitter:label1\" content=\"Tiempo de lectura\" \/>\n\t<meta name=\"twitter:data1\" content=\"1 minuto\" \/>\n<script type=\"application\/ld+json\" class=\"yoast-schema-graph\">{\"@context\":\"https:\\\/\\\/schema.org\",\"@graph\":[{\"@type\":\"WebPage\",\"@id\":\"https:\\\/\\\/tesolclim.com\\\/?page_id=67\",\"url\":\"https:\\\/\\\/tesolclim.com\\\/?page_id=67\",\"name\":\"Renovables - Tesolclim\",\"isPartOf\":{\"@id\":\"https:\\\/\\\/tesolclim.com\\\/#website\"},\"primaryImageOfPage\":{\"@id\":\"https:\\\/\\\/tesolclim.com\\\/?page_id=67#primaryimage\"},\"image\":{\"@id\":\"https:\\\/\\\/tesolclim.com\\\/?page_id=67#primaryimage\"},\"thumbnailUrl\":\"http:\\\/\\\/localhost:8080\\\/wp-content\\\/uploads\\\/2025\\\/03\\\/zbynek-burival-V4ZYJZJ3W4M-unsplash-1024x678.jpg\",\"datePublished\":\"2025-04-03T07:27:41+00:00\",\"dateModified\":\"2025-04-03T07:27:50+00:00\",\"breadcrumb\":{\"@id\":\"https:\\\/\\\/tesolclim.com\\\/?page_id=67#breadcrumb\"},\"inLanguage\":\"es\",\"potentialAction\":[{\"@type\":\"ReadAction\",\"target\":[\"https:\\\/\\\/tesolclim.com\\\/?page_id=67\"]}]},{\"@type\":\"ImageObject\",\"inLanguage\":\"es\",\"@id\":\"https:\\\/\\\/tesolclim.com\\\/?page_id=67#primaryimage\",\"url\":\"http:\\\/\\\/localhost:8080\\\/wp-content\\\/uploads\\\/2025\\\/03\\\/zbynek-burival-V4ZYJZJ3W4M-unsplash-1024x678.jpg\",\"contentUrl\":\"http:\\\/\\\/localhost:8080\\\/wp-content\\\/uploads\\\/2025\\\/03\\\/zbynek-burival-V4ZYJZJ3W4M-unsplash-1024x678.jpg\"},{\"@type\":\"BreadcrumbList\",\"@id\":\"https:\\\/\\\/tesolclim.com\\\/?page_id=67#breadcrumb\",\"itemListElement\":[{\"@type\":\"ListItem\",\"position\":1,\"name\":\"Portada\",\"item\":\"https:\\\/\\\/tesolclim.com\\\/\"},{\"@type\":\"ListItem\",\"position\":2,\"name\":\"Renovables\"}]},{\"@type\":\"WebSite\",\"@id\":\"https:\\\/\\\/tesolclim.com\\\/#website\",\"url\":\"https:\\\/\\\/tesolclim.com\\\/\",\"name\":\"Tesolclim\",\"description\":\"\",\"publisher\":{\"@id\":\"https:\\\/\\\/tesolclim.com\\\/#organization\"},\"potentialAction\":[{\"@type\":\"SearchAction\",\"target\":{\"@type\":\"EntryPoint\",\"urlTemplate\":\"https:\\\/\\\/tesolclim.com\\\/?s={search_term_string}\"},\"query-input\":{\"@type\":\"PropertyValueSpecification\",\"valueRequired\":true,\"valueName\":\"search_term_string\"}}],\"inLanguage\":\"es\"},{\"@type\":\"Organization\",\"@id\":\"https:\\\/\\\/tesolclim.com\\\/#organization\",\"name\":\"Tesolclim\",\"url\":\"https:\\\/\\\/tesolclim.com\\\/\",\"logo\":{\"@type\":\"ImageObject\",\"inLanguage\":\"es\",\"@id\":\"https:\\\/\\\/tesolclim.com\\\/#\\\/schema\\\/logo\\\/image\\\/\",\"url\":\"https:\\\/\\\/tesolclim.com\\\/wp-content\\\/uploads\\\/2025\\\/04\\\/Logo-Tesolclim-en-negro-e1744006040389.png\",\"contentUrl\":\"https:\\\/\\\/tesolclim.com\\\/wp-content\\\/uploads\\\/2025\\\/04\\\/Logo-Tesolclim-en-negro-e1744006040389.png\",\"width\":2404,\"height\":645,\"caption\":\"Tesolclim\"},\"image\":{\"@id\":\"https:\\\/\\\/tesolclim.com\\\/#\\\/schema\\\/logo\\\/image\\\/\"}}]}<\/script>\n<!-- \/ Yoast SEO plugin. -->","yoast_head_json":{"title":"Renovables - Tesolclim","robots":{"index":"index","follow":"follow","max-snippet":"max-snippet:-1","max-image-preview":"max-image-preview:large","max-video-preview":"max-video-preview:-1"},"canonical":"https:\/\/tesolclim.com\/?page_id=67","og_locale":"es_ES","og_type":"article","og_title":"Renovables - Tesolclim","og_description":"\u00a1Ahorra energ\u00eda y cuida del planeta con nuestras soluciones de energ\u00edas renovables!&nbsp;En&nbsp;Tesolclim, ofrecemos servicios innovadores y personalizados para que tu hogar o negocio aproveche al m\u00e1ximo las fuentes de energ\u00eda limpia. \u00bfQu\u00e9 hacemos? \ud83c\udf1f Instalaci\u00f3n de sistemas fotovoltaicos:&nbsp;Dise\u00f1amos e instalamos sistemas de paneles solares adaptados a tus necesidades. Convi\u00e9rtete en generador de tu propia energ\u00eda [&hellip;]","og_url":"https:\/\/tesolclim.com\/?page_id=67","og_site_name":"Tesolclim","article_modified_time":"2025-04-03T07:27:50+00:00","og_image":[{"url":"http:\/\/localhost:8080\/wp-content\/uploads\/2025\/03\/zbynek-burival-V4ZYJZJ3W4M-unsplash-1024x678.jpg","type":"","width":"","height":""}],"twitter_card":"summary_large_image","twitter_misc":{"Tiempo de lectura":"1 minuto"},"schema":{"@context":"https:\/\/schema.org","@graph":[{"@type":"WebPage","@id":"https:\/\/tesolclim.com\/?page_id=67","url":"https:\/\/tesolclim.com\/?page_id=67","name":"Renovables - Tesolclim","isPartOf":{"@id":"https:\/\/tesolclim.com\/#website"},"primaryImageOfPage":{"@id":"https:\/\/tesolclim.com\/?page_id=67#primaryimage"},"image":{"@id":"https:\/\/tesolclim.com\/?page_id=67#primaryimage"},"thumbnailUrl":"http:\/\/localhost:8080\/wp-content\/uploads\/2025\/03\/zbynek-burival-V4ZYJZJ3W4M-unsplash-1024x678.jpg","datePublished":"2025-04-03T07:27:41+00:00","dateModified":"2025-04-03T07:27:50+00:00","breadcrumb":{"@id":"https:\/\/tesolclim.com\/?page_id=67#breadcrumb"},"inLanguage":"es","potentialAction":[{"@type":"ReadAction","target":["https:\/\/tesolclim.com\/?page_id=67"]}]},{"@type":"ImageObject","inLanguage":"es","@id":"https:\/\/tesolclim.com\/?page_id=67#primaryimage","url":"http:\/\/localhost:8080\/wp-content\/uploads\/2025\/03\/zbynek-burival-V4ZYJZJ3W4M-unsplash-1024x678.jpg","contentUrl":"http:\/\/localhost:8080\/wp-content\/uploads\/2025\/03\/zbynek-burival-V4ZYJZJ3W4M-unsplash-1024x678.jpg"},{"@type":"BreadcrumbList","@id":"https:\/\/tesolclim.com\/?page_id=67#breadcrumb","itemListElement":[{"@type":"ListItem","position":1,"name":"Portada","item":"https:\/\/tesolclim.com\/"},{"@type":"ListItem","position":2,"name":"Renovables"}]},{"@type":"WebSite","@id":"https:\/\/tesolclim.com\/#website","url":"https:\/\/tesolclim.com\/","name":"Tesolclim","description":"","publisher":{"@id":"https:\/\/tesolclim.com\/#organization"},"potentialAction":[{"@type":"SearchAction","target":{"@type":"EntryPoint","urlTemplate":"https:\/\/tesolclim.com\/?s={search_term_string}"},"query-input":{"@type":"PropertyValueSpecification","valueRequired":true,"valueName":"search_term_string"}}],"inLanguage":"es"},{"@type":"Organization","@id":"https:\/\/tesolclim.com\/#organization","name":"Tesolclim","url":"https:\/\/tesolclim.com\/","logo":{"@type":"ImageObject","inLanguage":"es","@id":"https:\/\/tesolclim.com\/#\/schema\/logo\/image\/","url":"https:\/\/tesolclim.com\/wp-content\/uploads\/2025\/04\/Logo-Tesolclim-en-negro-e1744006040389.png","contentUrl":"https:\/\/tesolclim.com\/wp-content\/uploads\/2025\/04\/Logo-Tesolclim-en-negro-e1744006040389.png","width":2404,"height":645,"caption":"Tesolclim"},"image":{"@id":"https:\/\/tesolclim.com\/#\/schema\/logo\/image\/"}}]}},"_links":{"self":[{"href":"https:\/\/tesolclim.com\/index.php?rest_route=\/wp\/v2\/pages\/67","targetHints":{"allow":["GET"]}}],"collection":[{"href":"https:\/\/tesolclim.com\/index.php?rest_route=\/wp\/v2\/pages"}],"about":[{"href":"https:\/\/tesolclim.com\/index.php?rest_route=\/wp\/v2\/types\/page"}],"author":[{"embeddable":true,"href":"https:\/\/tesolclim.com\/index.php?rest_route=\/wp\/v2\/users\/1"}],"replies":[{"embeddable":true,"href":"https:\/\/tesolclim.com\/index.php?rest_route=%2Fwp%2Fv2%2Fcomments&post=67"}],"version-history":[{"count":1,"href":"https:\/\/tesolclim.com\/index.php?rest_route=\/wp\/v2\/pages\/67\/revisions"}],"predecessor-version":[{"id":69,"href":"https:\/\/tesolclim.com\/index.php?rest_route=\/wp\/v2\/pages\/67\/revisions\/69"}],"wp:attachment":[{"href":"https:\/\/tesolclim.com\/index.php?rest_route=%2Fwp%2Fv2%2Fmedia&parent=67"}],"curies":[{"name":"wp","href":"https:\/\/api.w.org\/{rel}","templated":true}]}}