{"id":59,"date":"2025-04-03T09:22:00","date_gmt":"2025-04-03T07:22:00","guid":{"rendered":"http:\/\/tesolclim.com\/?page_id=59"},"modified":"2025-04-03T09:22:08","modified_gmt":"2025-04-03T07:22:08","slug":"conducciones-de-chapa-y-fibra","status":"publish","type":"page","link":"https:\/\/tesolclim.com\/?page_id=59","title":{"rendered":"Conducciones de Chapa y Fibra"},"content":{"rendered":"\n<p style=\"margin-top:var(--wp--preset--spacing--50);margin-right:var(--wp--preset--spacing--40);margin-bottom:var(--wp--preset--spacing--50);margin-left:var(--wp--preset--spacing--40)\">En&nbsp;<strong>Tesolclim<\/strong>, somos expertos en dise\u00f1ar, fabricar e instalar conducciones de chapa y fibra adaptadas a cualquier tipo de espacio y proyecto.<\/p>\n\n\n\n<h3 class=\"wp-block-heading\" style=\"margin-top:var(--wp--preset--spacing--50);margin-right:var(--wp--preset--spacing--40);margin-bottom:var(--wp--preset--spacing--50);margin-left:var(--wp--preset--spacing--40)\"><strong>\u00bfQu\u00e9 hacemos?<\/strong><\/h3>\n\n\n\n<figure class=\"wp-block-image\"><img decoding=\"async\" src=\"http:\/\/localhost:8080\/wp-content\/uploads\/2025\/03\/close-up-ventilation-system-1.jpg\" alt=\"\" class=\"wp-image-454\"\/><\/figure>\n\n\n\n<p style=\"margin-top:var(--wp--preset--spacing--50);margin-right:var(--wp--preset--spacing--40);margin-bottom:var(--wp--preset--spacing--50);margin-left:var(--wp--preset--spacing--40)\"><strong>\ud83c\udf1f Fabricaci\u00f3n personalizada:<\/strong>&nbsp;Cada proyecto es \u00fanico. Por eso, dise\u00f1amos y fabricamos conducciones a medida utilizando materiales de la m\u00e1s alta calidad, que garantizan resistencia y durabilidad.<br><strong>\ud83c\udf1f Instalaci\u00f3n profesional:<\/strong>&nbsp;Nuestro equipo de t\u00e9cnicos especializados asegura un montaje impecable, cuidando hasta el m\u00e1s m\u00ednimo detalle para optimizar el funcionamiento del sistema de ventilaci\u00f3n o climatizaci\u00f3n.<br><strong>\ud83c\udf1f Materiales de alta calidad:<\/strong>&nbsp;Trabajamos con chapa galvanizada y fibra de vidrio, seleccionados por su eficiencia en el transporte de aire y su resistencia a condiciones extremas.<br><strong>\ud83c\udf1f Adaptaci\u00f3n a cualquier proyecto:<\/strong>&nbsp;Desde viviendas y oficinas hasta grandes instalaciones industriales, ofrecemos soluciones que se adaptan perfectamente a tus necesidades.<\/p>\n","protected":false},"excerpt":{"rendered":"<p>En&nbsp;Tesolclim, somos expertos en dise\u00f1ar, fabricar e instalar conducciones de chapa y fibra adaptadas a cualquier tipo de espacio y proyecto. \u00bfQu\u00e9 hacemos? \ud83c\udf1f Fabricaci\u00f3n personalizada:&nbsp;Cada proyecto es \u00fanico. Por eso, dise\u00f1amos y fabricamos conducciones a medida utilizando materiales de la m\u00e1s alta calidad, que garantizan resistencia y durabilidad.\ud83c\udf1f Instalaci\u00f3n profesional:&nbsp;Nuestro equipo de t\u00e9cnicos especializados [&hellip;]<\/p>\n","protected":false},"author":1,"featured_media":0,"parent":0,"menu_order":0,"comment_status":"closed","ping_status":"closed","template":"","meta":{"footnotes":""},"class_list":["post-59","page","type-page","status-publish","hentry"],"yoast_head":"<!-- This site is optimized with the Yoast SEO plugin v27.5 - https:\/\/yoast.com\/product\/yoast-seo-wordpress\/ -->\n<title>Conducciones de Chapa y Fibra - Tesolclim<\/title>\n<meta name=\"robots\" content=\"index, follow, max-snippet:-1, max-image-preview:large, max-video-preview:-1\" \/>\n<link rel=\"canonical\" href=\"https:\/\/tesolclim.com\/?page_id=59\" \/>\n<meta property=\"og:locale\" content=\"es_ES\" \/>\n<meta property=\"og:type\" content=\"article\" \/>\n<meta property=\"og:title\" content=\"Conducciones de Chapa y Fibra - Tesolclim\" \/>\n<meta property=\"og:description\" content=\"En&nbsp;Tesolclim, somos expertos en dise\u00f1ar, fabricar e instalar conducciones de chapa y fibra adaptadas a cualquier tipo de espacio y proyecto. \u00bfQu\u00e9 hacemos? \ud83c\udf1f Fabricaci\u00f3n personalizada:&nbsp;Cada proyecto es \u00fanico. Por eso, dise\u00f1amos y fabricamos conducciones a medida utilizando materiales de la m\u00e1s alta calidad, que garantizan resistencia y durabilidad.\ud83c\udf1f Instalaci\u00f3n profesional:&nbsp;Nuestro equipo de t\u00e9cnicos especializados [&hellip;]\" \/>\n<meta property=\"og:url\" content=\"https:\/\/tesolclim.com\/?page_id=59\" \/>\n<meta property=\"og:site_name\" content=\"Tesolclim\" \/>\n<meta property=\"article:modified_time\" content=\"2025-04-03T07:22:08+00:00\" \/>\n<meta property=\"og:image\" content=\"http:\/\/localhost:8080\/wp-content\/uploads\/2025\/03\/close-up-ventilation-system-1.jpg\" \/>\n<meta name=\"twitter:card\" content=\"summary_large_image\" \/>\n<meta name=\"twitter:label1\" content=\"Tiempo de lectura\" \/>\n\t<meta name=\"twitter:data1\" content=\"1 minuto\" \/>\n<script type=\"application\/ld+json\" class=\"yoast-schema-graph\">{\"@context\":\"https:\\\/\\\/schema.org\",\"@graph\":[{\"@type\":\"WebPage\",\"@id\":\"https:\\\/\\\/tesolclim.com\\\/?page_id=59\",\"url\":\"https:\\\/\\\/tesolclim.com\\\/?page_id=59\",\"name\":\"Conducciones de Chapa y Fibra - Tesolclim\",\"isPartOf\":{\"@id\":\"https:\\\/\\\/tesolclim.com\\\/#website\"},\"primaryImageOfPage\":{\"@id\":\"https:\\\/\\\/tesolclim.com\\\/?page_id=59#primaryimage\"},\"image\":{\"@id\":\"https:\\\/\\\/tesolclim.com\\\/?page_id=59#primaryimage\"},\"thumbnailUrl\":\"http:\\\/\\\/localhost:8080\\\/wp-content\\\/uploads\\\/2025\\\/03\\\/close-up-ventilation-system-1.jpg\",\"datePublished\":\"2025-04-03T07:22:00+00:00\",\"dateModified\":\"2025-04-03T07:22:08+00:00\",\"breadcrumb\":{\"@id\":\"https:\\\/\\\/tesolclim.com\\\/?page_id=59#breadcrumb\"},\"inLanguage\":\"es\",\"potentialAction\":[{\"@type\":\"ReadAction\",\"target\":[\"https:\\\/\\\/tesolclim.com\\\/?page_id=59\"]}]},{\"@type\":\"ImageObject\",\"inLanguage\":\"es\",\"@id\":\"https:\\\/\\\/tesolclim.com\\\/?page_id=59#primaryimage\",\"url\":\"http:\\\/\\\/localhost:8080\\\/wp-content\\\/uploads\\\/2025\\\/03\\\/close-up-ventilation-system-1.jpg\",\"contentUrl\":\"http:\\\/\\\/localhost:8080\\\/wp-content\\\/uploads\\\/2025\\\/03\\\/close-up-ventilation-system-1.jpg\"},{\"@type\":\"BreadcrumbList\",\"@id\":\"https:\\\/\\\/tesolclim.com\\\/?page_id=59#breadcrumb\",\"itemListElement\":[{\"@type\":\"ListItem\",\"position\":1,\"name\":\"Portada\",\"item\":\"https:\\\/\\\/tesolclim.com\\\/\"},{\"@type\":\"ListItem\",\"position\":2,\"name\":\"Conducciones de Chapa y Fibra\"}]},{\"@type\":\"WebSite\",\"@id\":\"https:\\\/\\\/tesolclim.com\\\/#website\",\"url\":\"https:\\\/\\\/tesolclim.com\\\/\",\"name\":\"Tesolclim\",\"description\":\"\",\"publisher\":{\"@id\":\"https:\\\/\\\/tesolclim.com\\\/#organization\"},\"potentialAction\":[{\"@type\":\"SearchAction\",\"target\":{\"@type\":\"EntryPoint\",\"urlTemplate\":\"https:\\\/\\\/tesolclim.com\\\/?s={search_term_string}\"},\"query-input\":{\"@type\":\"PropertyValueSpecification\",\"valueRequired\":true,\"valueName\":\"search_term_string\"}}],\"inLanguage\":\"es\"},{\"@type\":\"Organization\",\"@id\":\"https:\\\/\\\/tesolclim.com\\\/#organization\",\"name\":\"Tesolclim\",\"url\":\"https:\\\/\\\/tesolclim.com\\\/\",\"logo\":{\"@type\":\"ImageObject\",\"inLanguage\":\"es\",\"@id\":\"https:\\\/\\\/tesolclim.com\\\/#\\\/schema\\\/logo\\\/image\\\/\",\"url\":\"https:\\\/\\\/tesolclim.com\\\/wp-content\\\/uploads\\\/2025\\\/04\\\/Logo-Tesolclim-en-negro-e1744006040389.png\",\"contentUrl\":\"https:\\\/\\\/tesolclim.com\\\/wp-content\\\/uploads\\\/2025\\\/04\\\/Logo-Tesolclim-en-negro-e1744006040389.png\",\"width\":2404,\"height\":645,\"caption\":\"Tesolclim\"},\"image\":{\"@id\":\"https:\\\/\\\/tesolclim.com\\\/#\\\/schema\\\/logo\\\/image\\\/\"}}]}<\/script>\n<!-- \/ Yoast SEO plugin. -->","yoast_head_json":{"title":"Conducciones de Chapa y Fibra - Tesolclim","robots":{"index":"index","follow":"follow","max-snippet":"max-snippet:-1","max-image-preview":"max-image-preview:large","max-video-preview":"max-video-preview:-1"},"canonical":"https:\/\/tesolclim.com\/?page_id=59","og_locale":"es_ES","og_type":"article","og_title":"Conducciones de Chapa y Fibra - Tesolclim","og_description":"En&nbsp;Tesolclim, somos expertos en dise\u00f1ar, fabricar e instalar conducciones de chapa y fibra adaptadas a cualquier tipo de espacio y proyecto. \u00bfQu\u00e9 hacemos? \ud83c\udf1f Fabricaci\u00f3n personalizada:&nbsp;Cada proyecto es \u00fanico. Por eso, dise\u00f1amos y fabricamos conducciones a medida utilizando materiales de la m\u00e1s alta calidad, que garantizan resistencia y durabilidad.\ud83c\udf1f Instalaci\u00f3n profesional:&nbsp;Nuestro equipo de t\u00e9cnicos especializados [&hellip;]","og_url":"https:\/\/tesolclim.com\/?page_id=59","og_site_name":"Tesolclim","article_modified_time":"2025-04-03T07:22:08+00:00","og_image":[{"url":"http:\/\/localhost:8080\/wp-content\/uploads\/2025\/03\/close-up-ventilation-system-1.jpg","type":"","width":"","height":""}],"twitter_card":"summary_large_image","twitter_misc":{"Tiempo de lectura":"1 minuto"},"schema":{"@context":"https:\/\/schema.org","@graph":[{"@type":"WebPage","@id":"https:\/\/tesolclim.com\/?page_id=59","url":"https:\/\/tesolclim.com\/?page_id=59","name":"Conducciones de Chapa y Fibra - Tesolclim","isPartOf":{"@id":"https:\/\/tesolclim.com\/#website"},"primaryImageOfPage":{"@id":"https:\/\/tesolclim.com\/?page_id=59#primaryimage"},"image":{"@id":"https:\/\/tesolclim.com\/?page_id=59#primaryimage"},"thumbnailUrl":"http:\/\/localhost:8080\/wp-content\/uploads\/2025\/03\/close-up-ventilation-system-1.jpg","datePublished":"2025-04-03T07:22:00+00:00","dateModified":"2025-04-03T07:22:08+00:00","breadcrumb":{"@id":"https:\/\/tesolclim.com\/?page_id=59#breadcrumb"},"inLanguage":"es","potentialAction":[{"@type":"ReadAction","target":["https:\/\/tesolclim.com\/?page_id=59"]}]},{"@type":"ImageObject","inLanguage":"es","@id":"https:\/\/tesolclim.com\/?page_id=59#primaryimage","url":"http:\/\/localhost:8080\/wp-content\/uploads\/2025\/03\/close-up-ventilation-system-1.jpg","contentUrl":"http:\/\/localhost:8080\/wp-content\/uploads\/2025\/03\/close-up-ventilation-system-1.jpg"},{"@type":"BreadcrumbList","@id":"https:\/\/tesolclim.com\/?page_id=59#breadcrumb","itemListElement":[{"@type":"ListItem","position":1,"name":"Portada","item":"https:\/\/tesolclim.com\/"},{"@type":"ListItem","position":2,"name":"Conducciones de Chapa y Fibra"}]},{"@type":"WebSite","@id":"https:\/\/tesolclim.com\/#website","url":"https:\/\/tesolclim.com\/","name":"Tesolclim","description":"","publisher":{"@id":"https:\/\/tesolclim.com\/#organization"},"potentialAction":[{"@type":"SearchAction","target":{"@type":"EntryPoint","urlTemplate":"https:\/\/tesolclim.com\/?s={search_term_string}"},"query-input":{"@type":"PropertyValueSpecification","valueRequired":true,"valueName":"search_term_string"}}],"inLanguage":"es"},{"@type":"Organization","@id":"https:\/\/tesolclim.com\/#organization","name":"Tesolclim","url":"https:\/\/tesolclim.com\/","logo":{"@type":"ImageObject","inLanguage":"es","@id":"https:\/\/tesolclim.com\/#\/schema\/logo\/image\/","url":"https:\/\/tesolclim.com\/wp-content\/uploads\/2025\/04\/Logo-Tesolclim-en-negro-e1744006040389.png","contentUrl":"https:\/\/tesolclim.com\/wp-content\/uploads\/2025\/04\/Logo-Tesolclim-en-negro-e1744006040389.png","width":2404,"height":645,"caption":"Tesolclim"},"image":{"@id":"https:\/\/tesolclim.com\/#\/schema\/logo\/image\/"}}]}},"_links":{"self":[{"href":"https:\/\/tesolclim.com\/index.php?rest_route=\/wp\/v2\/pages\/59","targetHints":{"allow":["GET"]}}],"collection":[{"href":"https:\/\/tesolclim.com\/index.php?rest_route=\/wp\/v2\/pages"}],"about":[{"href":"https:\/\/tesolclim.com\/index.php?rest_route=\/wp\/v2\/types\/page"}],"author":[{"embeddable":true,"href":"https:\/\/tesolclim.com\/index.php?rest_route=\/wp\/v2\/users\/1"}],"replies":[{"embeddable":true,"href":"https:\/\/tesolclim.com\/index.php?rest_route=%2Fwp%2Fv2%2Fcomments&post=59"}],"version-history":[{"count":1,"href":"https:\/\/tesolclim.com\/index.php?rest_route=\/wp\/v2\/pages\/59\/revisions"}],"predecessor-version":[{"id":61,"href":"https:\/\/tesolclim.com\/index.php?rest_route=\/wp\/v2\/pages\/59\/revisions\/61"}],"wp:attachment":[{"href":"https:\/\/tesolclim.com\/index.php?rest_route=%2Fwp%2Fv2%2Fmedia&parent=59"}],"curies":[{"name":"wp","href":"https:\/\/api.w.org\/{rel}","templated":true}]}}