{"id":144,"date":"2025-04-04T10:57:34","date_gmt":"2025-04-04T08:57:34","guid":{"rendered":"http:\/\/tesolclim.com\/?page_id=144"},"modified":"2025-04-30T08:44:45","modified_gmt":"2025-04-30T06:44:45","slug":"blog","status":"publish","type":"page","link":"https:\/\/tesolclim.com\/?page_id=144","title":{"rendered":"Blog"},"content":{"rendered":"\n<div style=\"height:100px\" aria-hidden=\"true\" class=\"wp-block-spacer\"><\/div>\n\n\n\n<div class=\"wp-block-columns is-layout-flex wp-container-core-columns-is-layout-28f84493 wp-block-columns-is-layout-flex\">\n<div class=\"wp-block-column is-layout-flow wp-block-column-is-layout-flow\" style=\"flex-basis:25%\">\n<div style=\"height:100px\" aria-hidden=\"true\" class=\"wp-block-spacer\"><\/div>\n<\/div>\n\n\n\n<div class=\"wp-block-column is-layout-flow wp-block-column-is-layout-flow\" style=\"flex-basis:50%\">\n<div class=\"wp-block-query is-layout-flow wp-block-query-is-layout-flow\"><ul class=\"wp-block-post-template is-layout-flow wp-block-post-template-is-layout-flow\"><li class=\"wp-block-post post-97 post type-post status-publish format-standard hentry category-sin-categoria\">\n\n<div class=\"wp-block-group is-layout-grid wp-container-core-group-is-layout-dacd28a9 wp-block-group-is-layout-grid\" style=\"border-width:1px;border-radius:0px;padding-top:30px;padding-right:30px;padding-bottom:30px;padding-left:30px\"><h2 class=\"wp-block-post-title\"><a href=\"https:\/\/tesolclim.com\/?p=97\" target=\"_self\" >Mitos y Realidades de las Placas Solares<\/a><\/h2>\n\n<div class=\"wp-block-post-excerpt\"><p class=\"wp-block-post-excerpt__excerpt\">La energ\u00eda solar se ha convertido en una opci\u00f3n cada vez m\u00e1s popular para hogares y negocios que buscan reducir su impacto ambiental y sus costos energ\u00e9ticos. Sin embargo, a\u00fan existen muchas ideas equivocadas que pueden generar dudas al momento de decidirse por esta tecnolog\u00eda. En esta entrada, desmontamos los mitos m\u00e1s comunes sobre las<\/p><p class=\"wp-block-post-excerpt__more-text\"><a class=\"wp-block-post-excerpt__more-link\" href=\"https:\/\/tesolclim.com\/?p=97\">Leer m\u00e1s<\/a><\/p><\/div>\n\n<div class=\"wp-block-post-date\"><time datetime=\"2025-04-03T11:15:59+02:00\">3 de abril de 2025<\/time><\/div><\/div>\n\n<\/li><li class=\"wp-block-post post-96 post type-post status-publish format-standard hentry category-sin-categoria\">\n\n<div class=\"wp-block-group is-layout-grid wp-container-core-group-is-layout-dacd28a9 wp-block-group-is-layout-grid\" style=\"border-width:1px;border-radius:0px;padding-top:30px;padding-right:30px;padding-bottom:30px;padding-left:30px\"><h2 class=\"wp-block-post-title\"><a href=\"https:\/\/tesolclim.com\/?p=96\" target=\"_self\" >Placas Solares: La Revoluci\u00f3n Energ\u00e9tica que Todos Necesitamos<\/a><\/h2>\n\n<div class=\"wp-block-post-excerpt\"><p class=\"wp-block-post-excerpt__excerpt\">La energ\u00eda solar ha dejado de ser solo una alternativa para convertirse en una soluci\u00f3n clave frente a los retos energ\u00e9ticos y medioambientales del siglo XXI. Cada vez m\u00e1s hogares y empresas est\u00e1n apostando por esta tecnolog\u00eda, pero \u00bfpor qu\u00e9 es tan importante? Vamos a profundizar en los aspectos que est\u00e1n impulsando esta revoluci\u00f3n energ\u00e9tica.<\/p><p class=\"wp-block-post-excerpt__more-text\"><a class=\"wp-block-post-excerpt__more-link\" href=\"https:\/\/tesolclim.com\/?p=96\">Leer m\u00e1s<\/a><\/p><\/div>\n\n<div class=\"wp-block-post-date\"><time datetime=\"2025-04-03T11:15:25+02:00\">3 de abril de 2025<\/time><\/div><\/div>\n\n<\/li><li class=\"wp-block-post post-1 post type-post status-publish format-standard hentry category-sin-categoria\">\n\n<div class=\"wp-block-group is-layout-grid wp-container-core-group-is-layout-dacd28a9 wp-block-group-is-layout-grid\" style=\"border-width:1px;border-radius:0px;padding-top:30px;padding-right:30px;padding-bottom:30px;padding-left:30px\"><h2 class=\"wp-block-post-title\"><a href=\"https:\/\/tesolclim.com\/?p=1\" target=\"_self\" >\u00bfC\u00f3mo funcionan las placas solares?<\/a><\/h2>\n\n<div class=\"wp-block-post-excerpt\"><p class=\"wp-block-post-excerpt__excerpt\">Las placas solares han revolucionado la forma en que obtenemos energ\u00eda, pero \u00bfc\u00f3mo funcionan realmente? En esta gu\u00eda, te explicamos de manera sencilla el proceso de conversi\u00f3n de la luz solar en electricidad. \u00bfC\u00f3mo generan electricidad las placas solares? \u00bfQu\u00e9 pasa cuando no hay sol? \u00bfCu\u00e1ntos paneles solares necesito para mi casa? Gu\u00eda paso a<\/p><p class=\"wp-block-post-excerpt__more-text\"><a class=\"wp-block-post-excerpt__more-link\" href=\"https:\/\/tesolclim.com\/?p=1\">Leer m\u00e1s<\/a><\/p><\/div>\n\n<div class=\"wp-block-post-date\"><time datetime=\"2025-04-01T13:58:30+02:00\">1 de abril de 2025<\/time><\/div><\/div>\n\n<\/li><\/ul><\/div>\n<\/div>\n<\/div>\n\n\n\n<div style=\"height:100px\" aria-hidden=\"true\" class=\"wp-block-spacer\"><\/div>\n","protected":false},"excerpt":{"rendered":"","protected":false},"author":1,"featured_media":0,"parent":0,"menu_order":0,"comment_status":"open","ping_status":"closed","template":"","meta":{"footnotes":""},"class_list":["post-144","page","type-page","status-publish","hentry"],"yoast_head":"<!-- This site is optimized with the Yoast SEO plugin v27.5 - https:\/\/yoast.com\/product\/yoast-seo-wordpress\/ -->\n<title>Blog - Tesolclim<\/title>\n<meta name=\"robots\" content=\"index, follow, max-snippet:-1, max-image-preview:large, max-video-preview:-1\" \/>\n<link rel=\"canonical\" href=\"https:\/\/tesolclim.com\/?page_id=144\" \/>\n<meta property=\"og:locale\" content=\"es_ES\" \/>\n<meta property=\"og:type\" content=\"article\" \/>\n<meta property=\"og:title\" content=\"Blog - Tesolclim\" \/>\n<meta property=\"og:url\" content=\"https:\/\/tesolclim.com\/?page_id=144\" \/>\n<meta property=\"og:site_name\" content=\"Tesolclim\" \/>\n<meta property=\"article:modified_time\" content=\"2025-04-30T06:44:45+00:00\" \/>\n<meta name=\"twitter:card\" content=\"summary_large_image\" \/>\n<script type=\"application\/ld+json\" class=\"yoast-schema-graph\">{\"@context\":\"https:\\\/\\\/schema.org\",\"@graph\":[{\"@type\":\"WebPage\",\"@id\":\"https:\\\/\\\/tesolclim.com\\\/?page_id=144\",\"url\":\"https:\\\/\\\/tesolclim.com\\\/?page_id=144\",\"name\":\"Blog - Tesolclim\",\"isPartOf\":{\"@id\":\"https:\\\/\\\/tesolclim.com\\\/#website\"},\"datePublished\":\"2025-04-04T08:57:34+00:00\",\"dateModified\":\"2025-04-30T06:44:45+00:00\",\"breadcrumb\":{\"@id\":\"https:\\\/\\\/tesolclim.com\\\/?page_id=144#breadcrumb\"},\"inLanguage\":\"es\",\"potentialAction\":[{\"@type\":\"ReadAction\",\"target\":[\"https:\\\/\\\/tesolclim.com\\\/?page_id=144\"]}]},{\"@type\":\"BreadcrumbList\",\"@id\":\"https:\\\/\\\/tesolclim.com\\\/?page_id=144#breadcrumb\",\"itemListElement\":[{\"@type\":\"ListItem\",\"position\":1,\"name\":\"Portada\",\"item\":\"https:\\\/\\\/tesolclim.com\\\/\"},{\"@type\":\"ListItem\",\"position\":2,\"name\":\"Blog\"}]},{\"@type\":\"WebSite\",\"@id\":\"https:\\\/\\\/tesolclim.com\\\/#website\",\"url\":\"https:\\\/\\\/tesolclim.com\\\/\",\"name\":\"Tesolclim\",\"description\":\"\",\"publisher\":{\"@id\":\"https:\\\/\\\/tesolclim.com\\\/#organization\"},\"potentialAction\":[{\"@type\":\"SearchAction\",\"target\":{\"@type\":\"EntryPoint\",\"urlTemplate\":\"https:\\\/\\\/tesolclim.com\\\/?s={search_term_string}\"},\"query-input\":{\"@type\":\"PropertyValueSpecification\",\"valueRequired\":true,\"valueName\":\"search_term_string\"}}],\"inLanguage\":\"es\"},{\"@type\":\"Organization\",\"@id\":\"https:\\\/\\\/tesolclim.com\\\/#organization\",\"name\":\"Tesolclim\",\"url\":\"https:\\\/\\\/tesolclim.com\\\/\",\"logo\":{\"@type\":\"ImageObject\",\"inLanguage\":\"es\",\"@id\":\"https:\\\/\\\/tesolclim.com\\\/#\\\/schema\\\/logo\\\/image\\\/\",\"url\":\"https:\\\/\\\/tesolclim.com\\\/wp-content\\\/uploads\\\/2025\\\/04\\\/Logo-Tesolclim-en-negro-e1744006040389.png\",\"contentUrl\":\"https:\\\/\\\/tesolclim.com\\\/wp-content\\\/uploads\\\/2025\\\/04\\\/Logo-Tesolclim-en-negro-e1744006040389.png\",\"width\":2404,\"height\":645,\"caption\":\"Tesolclim\"},\"image\":{\"@id\":\"https:\\\/\\\/tesolclim.com\\\/#\\\/schema\\\/logo\\\/image\\\/\"}}]}<\/script>\n<!-- \/ Yoast SEO plugin. -->","yoast_head_json":{"title":"Blog - Tesolclim","robots":{"index":"index","follow":"follow","max-snippet":"max-snippet:-1","max-image-preview":"max-image-preview:large","max-video-preview":"max-video-preview:-1"},"canonical":"https:\/\/tesolclim.com\/?page_id=144","og_locale":"es_ES","og_type":"article","og_title":"Blog - Tesolclim","og_url":"https:\/\/tesolclim.com\/?page_id=144","og_site_name":"Tesolclim","article_modified_time":"2025-04-30T06:44:45+00:00","twitter_card":"summary_large_image","schema":{"@context":"https:\/\/schema.org","@graph":[{"@type":"WebPage","@id":"https:\/\/tesolclim.com\/?page_id=144","url":"https:\/\/tesolclim.com\/?page_id=144","name":"Blog - Tesolclim","isPartOf":{"@id":"https:\/\/tesolclim.com\/#website"},"datePublished":"2025-04-04T08:57:34+00:00","dateModified":"2025-04-30T06:44:45+00:00","breadcrumb":{"@id":"https:\/\/tesolclim.com\/?page_id=144#breadcrumb"},"inLanguage":"es","potentialAction":[{"@type":"ReadAction","target":["https:\/\/tesolclim.com\/?page_id=144"]}]},{"@type":"BreadcrumbList","@id":"https:\/\/tesolclim.com\/?page_id=144#breadcrumb","itemListElement":[{"@type":"ListItem","position":1,"name":"Portada","item":"https:\/\/tesolclim.com\/"},{"@type":"ListItem","position":2,"name":"Blog"}]},{"@type":"WebSite","@id":"https:\/\/tesolclim.com\/#website","url":"https:\/\/tesolclim.com\/","name":"Tesolclim","description":"","publisher":{"@id":"https:\/\/tesolclim.com\/#organization"},"potentialAction":[{"@type":"SearchAction","target":{"@type":"EntryPoint","urlTemplate":"https:\/\/tesolclim.com\/?s={search_term_string}"},"query-input":{"@type":"PropertyValueSpecification","valueRequired":true,"valueName":"search_term_string"}}],"inLanguage":"es"},{"@type":"Organization","@id":"https:\/\/tesolclim.com\/#organization","name":"Tesolclim","url":"https:\/\/tesolclim.com\/","logo":{"@type":"ImageObject","inLanguage":"es","@id":"https:\/\/tesolclim.com\/#\/schema\/logo\/image\/","url":"https:\/\/tesolclim.com\/wp-content\/uploads\/2025\/04\/Logo-Tesolclim-en-negro-e1744006040389.png","contentUrl":"https:\/\/tesolclim.com\/wp-content\/uploads\/2025\/04\/Logo-Tesolclim-en-negro-e1744006040389.png","width":2404,"height":645,"caption":"Tesolclim"},"image":{"@id":"https:\/\/tesolclim.com\/#\/schema\/logo\/image\/"}}]}},"_links":{"self":[{"href":"https:\/\/tesolclim.com\/index.php?rest_route=\/wp\/v2\/pages\/144","targetHints":{"allow":["GET"]}}],"collection":[{"href":"https:\/\/tesolclim.com\/index.php?rest_route=\/wp\/v2\/pages"}],"about":[{"href":"https:\/\/tesolclim.com\/index.php?rest_route=\/wp\/v2\/types\/page"}],"author":[{"embeddable":true,"href":"https:\/\/tesolclim.com\/index.php?rest_route=\/wp\/v2\/users\/1"}],"replies":[{"embeddable":true,"href":"https:\/\/tesolclim.com\/index.php?rest_route=%2Fwp%2Fv2%2Fcomments&post=144"}],"version-history":[{"count":8,"href":"https:\/\/tesolclim.com\/index.php?rest_route=\/wp\/v2\/pages\/144\/revisions"}],"predecessor-version":[{"id":871,"href":"https:\/\/tesolclim.com\/index.php?rest_route=\/wp\/v2\/pages\/144\/revisions\/871"}],"wp:attachment":[{"href":"https:\/\/tesolclim.com\/index.php?rest_route=%2Fwp%2Fv2%2Fmedia&parent=144"}],"curies":[{"name":"wp","href":"https:\/\/api.w.org\/{rel}","templated":true}]}}